{"id":155,"date":"2020-08-11T14:26:38","date_gmt":"2020-08-11T12:26:38","guid":{"rendered":"http:\/\/cannes-escrime.com\/?page_id=155"},"modified":"2025-10-15T14:59:21","modified_gmt":"2025-10-15T12:59:21","slug":"document-d-inscription","status":"publish","type":"page","link":"https:\/\/cannes-escrime.com\/index.php\/comment-pratiquer\/inscription\/document-d-inscription\/","title":{"rendered":"DOCUMENTS D&rsquo;INSCRIPTION"},"content":{"rendered":"\n<p>Lors de l&rsquo;inscription, il vous faudra compl\u00e9ter et remettre au club une fiche d&rsquo;inscription comprenant un questionnaire de sant\u00e9 et de droit \u00e0 l&rsquo;image ainsi qu&rsquo;un document d&rsquo;assurance. En fonctions des cas, des documents de sant\u00e9 compl\u00e9mentaires peuvent \u00eatre n\u00e9cessaires.<\/p>\n\n\n\n<h1 class=\"wp-block-heading has-large-font-size\">Fiches d&rsquo;inscription<\/h1>\n\n\n\n<p class=\"has-medium-font-size\">Il existe plusieurs formules en fonction du niveau et de la fr\u00e9quence d&rsquo;entrainement. <\/p>\n\n\n\n<p class=\"has-medium-font-size\">A titre indicatif, l&rsquo;\u00e9cole d&rsquo;escrime est accessible \u00e0 tous les enfants jusqu&rsquo;\u00e0 10 ans. Le club \u00e9p\u00e9e loisir est recommand\u00e9 pour les n\u00e9o-pratiquants \u00e0-partir de 11 ans et sans limites d&rsquo;\u00e2ge. Les enseignants orienteront les \u00e9l\u00e8ves vers les cr\u00e9neaux les plus appropri\u00e9s en fonction de leur \u00e2ge et de leur niveau. <\/p>\n\n\n\n<p class=\"has-medium-font-size\">Les formules fleuret comp\u00e9tition et centre d&rsquo;entra\u00eenement sont accessibles uniquement sur proposition des enseignants.<\/p>\n\n\n\n<div class=\"wp-block-buttons is-content-justification-left is-layout-flex wp-container-core-buttons-is-layout-1 wp-block-buttons-is-layout-flex\">\n<div class=\"wp-block-button has-custom-width wp-block-button__width-50 has-custom-font-size has-medium-font-size\"><a class=\"wp-block-button__link has-black-color has-pale-cyan-blue-background-color has-text-color has-background has-link-color has-text-align-center wp-element-button\" href=\"https:\/\/cannes-escrime.com\/wp-content\/uploads\/2025\/07\/Inscription_Ecole_Escrime.pdf\">\u00e9cole d&rsquo;escrime<\/a><\/div>\n<\/div>\n\n\n\n<div class=\"wp-block-buttons has-custom-font-size has-medium-font-size is-content-justification-left is-layout-flex wp-container-core-buttons-is-layout-2 wp-block-buttons-is-layout-flex\">\n<div class=\"wp-block-button has-custom-width wp-block-button__width-50 has-custom-font-size has-medium-font-size\"><a class=\"wp-block-button__link has-black-color has-light-green-cyan-background-color has-text-color has-background has-link-color has-text-align-center wp-element-button\" href=\"https:\/\/cannes-escrime.com\/wp-content\/uploads\/2025\/09\/Inscription_Epee_Loisir.pdf\">club \u00e9p\u00e9e loisir<\/a><\/div>\n<\/div>\n\n\n\n<div class=\"wp-block-buttons has-custom-font-size has-medium-font-size is-content-justification-left is-layout-flex wp-container-core-buttons-is-layout-3 wp-block-buttons-is-layout-flex\">\n<div class=\"wp-block-button has-custom-width wp-block-button__width-50 has-custom-font-size has-medium-font-size\"><a class=\"wp-block-button__link has-black-color has-luminous-vivid-amber-background-color has-text-color has-background has-link-color has-text-align-center wp-element-button\" href=\"https:\/\/cannes-escrime.com\/wp-content\/uploads\/2025\/07\/Inscription_Fleuret_Competition.pdf\">club fleuret comp\u00e9tition<\/a><\/div>\n<\/div>\n\n\n\n<div class=\"wp-block-buttons has-custom-font-size has-medium-font-size is-content-justification-left is-layout-flex wp-container-core-buttons-is-layout-4 wp-block-buttons-is-layout-flex\">\n<div class=\"wp-block-button has-custom-width wp-block-button__width-50 has-custom-font-size is-style-fill has-medium-font-size\"><a class=\"wp-block-button__link has-black-color has-pale-pink-background-color has-text-color has-background has-link-color has-text-align-center wp-element-button\" href=\"https:\/\/cannes-escrime.com\/wp-content\/uploads\/2025\/07\/Inscription_Centre_Entrainement_Fleuret.pdf\">centre d&rsquo;entrainement fleuret<\/a><\/div>\n<\/div>\n\n\n\n<h1 class=\"wp-block-heading has-large-font-size\">Document d&rsquo;assurance<\/h1>\n\n\n\n<p class=\"has-medium-font-size\">Le <a href=\"https:\/\/cannes-escrime.com\/wp-content\/uploads\/2025\/08\/MEMENTO_25_26.pdf\">document suivant<\/a> comprenant la formule d&rsquo;assurance choisie doit \u00eatre remis \u00e0 l&rsquo;inscription.<\/p>\n\n\n\n<h1 class=\"wp-block-heading has-large-font-size\">Documents de sant\u00e9<\/h1>\n\n\n\n<h3 class=\"wp-block-heading has-medium-font-size\"><strong>Mineurs<\/strong><\/h3>\n\n\n\n<p class=\"has-text-align-left has-medium-font-size\">Il n&rsquo;est pas n\u00e9cessaire de pr\u00e9senter un certificat m\u00e9dical de non contre-indication \u00e0 la pratique sportive pour s&rsquo;inscrire dans un club mais ils sont dans l&rsquo;obligation de remplir <a href=\"https:\/\/cannes-escrime.com\/wp-content\/uploads\/2021\/08\/Questionnaire-Attestation-sante-mineur-FFESCRIME.pdf\">un questionnaire de sant\u00e9<\/a> (\u00e0 conserver) et de fournir une attestation pour l&rsquo;obtention ou le renouvellement de leur licence (au dos de la fiche d&rsquo;inscription)<\/p>\n\n\n\n<h3 class=\"wp-block-heading has-medium-font-size\"><strong>Majeurs de moins de 40 ans<\/strong><\/h3>\n\n\n\n<p class=\"has-text-align-left has-medium-font-size\">La premi\u00e8re d\u00e9livrance d\u2019une licence \u00e0 la FFE&nbsp;n\u00e9cessite la production d&rsquo;un <a href=\"https:\/\/cannes-escrime.com\/wp-content\/uploads\/2025\/09\/CM-Standard-2023-2024.pdf\">certificat m\u00e9dical<\/a> datant de moins d\u2019un an (au jour de la demande), attestant l&rsquo;absence de contre-indication \u00e0 la pratique du sport ou le cas \u00e9ch\u00e9ant, de l\u2019escrime. Lorsque la licence sollicit\u00e9e permet la participation aux comp\u00e9titions, le certificat m\u00e9dical doit comporter la mention \u00aben comp\u00e9tition\u00bb.<br><br>Si la licence est prise \u00e0 la FFE chaque ann\u00e9e, sans interruption, le certificat m\u00e9dical est valable trois ans. Les ann\u00e9es o\u00f9 le certificat m\u00e9dical n&rsquo;est pas exig\u00e9, il est obligatoire de remplir <a href=\"https:\/\/cannes-escrime.com\/wp-content\/uploads\/2023\/08\/Arrete-auto-questionnaire-20-04-17.pdf\">un&nbsp;questionnaire de sant\u00e9<\/a> (\u00e0 conserver) et de fournir une attestation pour le renouvellement de la licence (au dos de la fiche d&rsquo;inscription).&nbsp;<br><br>En pr\u00e9sence d\u2019une r\u00e9ponse positive au questionnaire, l\u2019escrimeur doit montrer son questionnaire renseign\u00e9 \u00e0 son m\u00e9decin et produire un nouveau certificat m\u00e9dical attestant de l\u2019absence de contre-indication pour obtenir le renouvellement de la licence.<\/p>\n\n\n\n<h3 class=\"wp-block-heading has-medium-font-size\"><strong>Majeurs \u00e0 compter de l&rsquo;ann\u00e9e des 40 ans (V\u00e9t\u00e9rans)<\/strong><\/h3>\n\n\n\n<p class=\"has-text-align-left has-medium-font-size\">Utilisation obligatoire d&rsquo;un certificat m\u00e9dical sp\u00e9cifique <a href=\"https:\/\/cannes-escrime.com\/wp-content\/uploads\/2024\/09\/certificat-veterans-competitions.pdf\">avec pratique en comp\u00e9tition<\/a> ou <a href=\"https:\/\/cannes-escrime.com\/wp-content\/uploads\/2024\/09\/certificat-veterans-sans-competition.pdf\">sans pratique en comp\u00e9tition<\/a>.<\/p>\n\n\n\n<h3 class=\"wp-block-heading has-medium-font-size\"><strong>Surclassement en comp\u00e9tition<\/strong><\/h3>\n\n\n\n<p class=\"has-text-align-left has-medium-font-size\">Utilisation obligatoire d&rsquo;un <a href=\"https:\/\/cannes-escrime.com\/wp-content\/uploads\/2024\/09\/CM-simple-surclassement-24-25.pdf\">certificat m\u00e9dical sp\u00e9cifique de simple surclassement<\/a> en comp\u00e9tition.<\/p>\n\n\n\n<p class=\"has-large-font-size\"><strong>B\u00e9n\u00e9voles<\/strong><\/p>\n\n\n\n<p>Il est \u00e9galement possible d&rsquo;<a href=\"https:\/\/cannes-escrime.com\/wp-content\/uploads\/2025\/09\/Inscription_Benevole.pdf\">adh\u00e9rer en tant que b\u00e9n\u00e9vole<\/a> pour accompagner et venir en appui au club et \u00e0 ses adh\u00e9rents.<\/p>\n\n\n\n<p><\/p>\n","protected":false},"excerpt":{"rendered":"<p>Lors de l&rsquo;inscription, il vous faudra compl\u00e9ter et remettre au club une fiche d&rsquo;inscription comprenant un questionnaire de sant\u00e9 et de droit \u00e0 l&rsquo;image ainsi qu&rsquo;un document d&rsquo;assurance. En fonctions des cas, des documents de sant\u00e9 compl\u00e9mentaires peuvent \u00eatre n\u00e9cessaires. Fiches d&rsquo;inscription Il existe plusieurs formules en fonction du niveau et de la fr\u00e9quence d&rsquo;entrainement. [&hellip;]<\/p>\n","protected":false},"author":4,"featured_media":0,"parent":33,"menu_order":1,"comment_status":"closed","ping_status":"closed","template":"","meta":{"footnotes":""},"class_list":["post-155","page","type-page","status-publish","hentry","post"],"yoast_head":"<!-- This site is optimized with the Yoast SEO plugin v23.4 - https:\/\/yoast.com\/wordpress\/plugins\/seo\/ -->\n<title>DOCUMENTS D&#039;INSCRIPTION - Cercle d&#039;Escrime de Cannes<\/title>\n<meta name=\"robots\" content=\"index, follow, max-snippet:-1, max-image-preview:large, max-video-preview:-1\" \/>\n<link rel=\"canonical\" href=\"https:\/\/cannes-escrime.com\/index.php\/comment-pratiquer\/inscription\/document-d-inscription\/\" \/>\n<meta property=\"og:locale\" content=\"fr_FR\" \/>\n<meta property=\"og:type\" content=\"article\" \/>\n<meta property=\"og:title\" content=\"DOCUMENTS D&#039;INSCRIPTION - Cercle d&#039;Escrime de Cannes\" \/>\n<meta property=\"og:description\" content=\"Lors de l&rsquo;inscription, il vous faudra compl\u00e9ter et remettre au club une fiche d&rsquo;inscription comprenant un questionnaire de sant\u00e9 et de droit \u00e0 l&rsquo;image ainsi qu&rsquo;un document d&rsquo;assurance. En fonctions des cas, des documents de sant\u00e9 compl\u00e9mentaires peuvent \u00eatre n\u00e9cessaires. Fiches d&rsquo;inscription Il existe plusieurs formules en fonction du niveau et de la fr\u00e9quence d&rsquo;entrainement. [&hellip;]\" \/>\n<meta property=\"og:url\" content=\"https:\/\/cannes-escrime.com\/index.php\/comment-pratiquer\/inscription\/document-d-inscription\/\" \/>\n<meta property=\"og:site_name\" content=\"Cercle d&#039;Escrime de Cannes\" \/>\n<meta property=\"article:modified_time\" content=\"2025-10-15T12:59:21+00:00\" \/>\n<meta name=\"twitter:card\" content=\"summary_large_image\" \/>\n<meta name=\"twitter:label1\" content=\"Dur\u00e9e de lecture estim\u00e9e\" \/>\n\t<meta name=\"twitter:data1\" content=\"3 minutes\" \/>\n<script type=\"application\/ld+json\" class=\"yoast-schema-graph\">{\"@context\":\"https:\/\/schema.org\",\"@graph\":[{\"@type\":\"WebPage\",\"@id\":\"https:\/\/cannes-escrime.com\/index.php\/comment-pratiquer\/inscription\/document-d-inscription\/\",\"url\":\"https:\/\/cannes-escrime.com\/index.php\/comment-pratiquer\/inscription\/document-d-inscription\/\",\"name\":\"DOCUMENTS D'INSCRIPTION - Cercle d&#039;Escrime de Cannes\",\"isPartOf\":{\"@id\":\"https:\/\/cannes-escrime.com\/#website\"},\"datePublished\":\"2020-08-11T12:26:38+00:00\",\"dateModified\":\"2025-10-15T12:59:21+00:00\",\"breadcrumb\":{\"@id\":\"https:\/\/cannes-escrime.com\/index.php\/comment-pratiquer\/inscription\/document-d-inscription\/#breadcrumb\"},\"inLanguage\":\"fr-FR\",\"potentialAction\":[{\"@type\":\"ReadAction\",\"target\":[\"https:\/\/cannes-escrime.com\/index.php\/comment-pratiquer\/inscription\/document-d-inscription\/\"]}]},{\"@type\":\"BreadcrumbList\",\"@id\":\"https:\/\/cannes-escrime.com\/index.php\/comment-pratiquer\/inscription\/document-d-inscription\/#breadcrumb\",\"itemListElement\":[{\"@type\":\"ListItem\",\"position\":1,\"name\":\"Accueil\",\"item\":\"https:\/\/cannes-escrime.com\/\"},{\"@type\":\"ListItem\",\"position\":2,\"name\":\"COMMENT PRATIQUER\",\"item\":\"https:\/\/cannes-escrime.com\/index.php\/comment-pratiquer\/\"},{\"@type\":\"ListItem\",\"position\":3,\"name\":\"INSCRIPTION\",\"item\":\"https:\/\/cannes-escrime.com\/index.php\/comment-pratiquer\/inscription\/\"},{\"@type\":\"ListItem\",\"position\":4,\"name\":\"DOCUMENTS D&rsquo;INSCRIPTION\"}]},{\"@type\":\"WebSite\",\"@id\":\"https:\/\/cannes-escrime.com\/#website\",\"url\":\"https:\/\/cannes-escrime.com\/\",\"name\":\"Cercle d&#039;Escrime de Cannes\",\"description\":\"Fleuret - Ep\u00e9e\",\"publisher\":{\"@id\":\"https:\/\/cannes-escrime.com\/#organization\"},\"potentialAction\":[{\"@type\":\"SearchAction\",\"target\":{\"@type\":\"EntryPoint\",\"urlTemplate\":\"https:\/\/cannes-escrime.com\/?s={search_term_string}\"},\"query-input\":{\"@type\":\"PropertyValueSpecification\",\"valueRequired\":true,\"valueName\":\"search_term_string\"}}],\"inLanguage\":\"fr-FR\"},{\"@type\":\"Organization\",\"@id\":\"https:\/\/cannes-escrime.com\/#organization\",\"name\":\"Cercle d&#039;Escrime de Cannes\",\"url\":\"https:\/\/cannes-escrime.com\/\",\"logo\":{\"@type\":\"ImageObject\",\"inLanguage\":\"fr-FR\",\"@id\":\"https:\/\/cannes-escrime.com\/#\/schema\/logo\/image\/\",\"url\":\"https:\/\/cannes-escrime.com\/wp-content\/uploads\/2020\/06\/cropped-logo-CEC-fond-transparent-e1591301479448.png\",\"contentUrl\":\"https:\/\/cannes-escrime.com\/wp-content\/uploads\/2020\/06\/cropped-logo-CEC-fond-transparent-e1591301479448.png\",\"width\":150,\"height\":150,\"caption\":\"Cercle d&#039;Escrime de Cannes\"},\"image\":{\"@id\":\"https:\/\/cannes-escrime.com\/#\/schema\/logo\/image\/\"}}]}<\/script>\n<!-- \/ Yoast SEO plugin. -->","yoast_head_json":{"title":"DOCUMENTS D'INSCRIPTION - Cercle d&#039;Escrime de Cannes","robots":{"index":"index","follow":"follow","max-snippet":"max-snippet:-1","max-image-preview":"max-image-preview:large","max-video-preview":"max-video-preview:-1"},"canonical":"https:\/\/cannes-escrime.com\/index.php\/comment-pratiquer\/inscription\/document-d-inscription\/","og_locale":"fr_FR","og_type":"article","og_title":"DOCUMENTS D'INSCRIPTION - Cercle d&#039;Escrime de Cannes","og_description":"Lors de l&rsquo;inscription, il vous faudra compl\u00e9ter et remettre au club une fiche d&rsquo;inscription comprenant un questionnaire de sant\u00e9 et de droit \u00e0 l&rsquo;image ainsi qu&rsquo;un document d&rsquo;assurance. En fonctions des cas, des documents de sant\u00e9 compl\u00e9mentaires peuvent \u00eatre n\u00e9cessaires. Fiches d&rsquo;inscription Il existe plusieurs formules en fonction du niveau et de la fr\u00e9quence d&rsquo;entrainement. [&hellip;]","og_url":"https:\/\/cannes-escrime.com\/index.php\/comment-pratiquer\/inscription\/document-d-inscription\/","og_site_name":"Cercle d&#039;Escrime de Cannes","article_modified_time":"2025-10-15T12:59:21+00:00","twitter_card":"summary_large_image","twitter_misc":{"Dur\u00e9e de lecture estim\u00e9e":"3 minutes"},"schema":{"@context":"https:\/\/schema.org","@graph":[{"@type":"WebPage","@id":"https:\/\/cannes-escrime.com\/index.php\/comment-pratiquer\/inscription\/document-d-inscription\/","url":"https:\/\/cannes-escrime.com\/index.php\/comment-pratiquer\/inscription\/document-d-inscription\/","name":"DOCUMENTS D'INSCRIPTION - Cercle d&#039;Escrime de Cannes","isPartOf":{"@id":"https:\/\/cannes-escrime.com\/#website"},"datePublished":"2020-08-11T12:26:38+00:00","dateModified":"2025-10-15T12:59:21+00:00","breadcrumb":{"@id":"https:\/\/cannes-escrime.com\/index.php\/comment-pratiquer\/inscription\/document-d-inscription\/#breadcrumb"},"inLanguage":"fr-FR","potentialAction":[{"@type":"ReadAction","target":["https:\/\/cannes-escrime.com\/index.php\/comment-pratiquer\/inscription\/document-d-inscription\/"]}]},{"@type":"BreadcrumbList","@id":"https:\/\/cannes-escrime.com\/index.php\/comment-pratiquer\/inscription\/document-d-inscription\/#breadcrumb","itemListElement":[{"@type":"ListItem","position":1,"name":"Accueil","item":"https:\/\/cannes-escrime.com\/"},{"@type":"ListItem","position":2,"name":"COMMENT PRATIQUER","item":"https:\/\/cannes-escrime.com\/index.php\/comment-pratiquer\/"},{"@type":"ListItem","position":3,"name":"INSCRIPTION","item":"https:\/\/cannes-escrime.com\/index.php\/comment-pratiquer\/inscription\/"},{"@type":"ListItem","position":4,"name":"DOCUMENTS D&rsquo;INSCRIPTION"}]},{"@type":"WebSite","@id":"https:\/\/cannes-escrime.com\/#website","url":"https:\/\/cannes-escrime.com\/","name":"Cercle d&#039;Escrime de Cannes","description":"Fleuret - Ep\u00e9e","publisher":{"@id":"https:\/\/cannes-escrime.com\/#organization"},"potentialAction":[{"@type":"SearchAction","target":{"@type":"EntryPoint","urlTemplate":"https:\/\/cannes-escrime.com\/?s={search_term_string}"},"query-input":{"@type":"PropertyValueSpecification","valueRequired":true,"valueName":"search_term_string"}}],"inLanguage":"fr-FR"},{"@type":"Organization","@id":"https:\/\/cannes-escrime.com\/#organization","name":"Cercle d&#039;Escrime de Cannes","url":"https:\/\/cannes-escrime.com\/","logo":{"@type":"ImageObject","inLanguage":"fr-FR","@id":"https:\/\/cannes-escrime.com\/#\/schema\/logo\/image\/","url":"https:\/\/cannes-escrime.com\/wp-content\/uploads\/2020\/06\/cropped-logo-CEC-fond-transparent-e1591301479448.png","contentUrl":"https:\/\/cannes-escrime.com\/wp-content\/uploads\/2020\/06\/cropped-logo-CEC-fond-transparent-e1591301479448.png","width":150,"height":150,"caption":"Cercle d&#039;Escrime de Cannes"},"image":{"@id":"https:\/\/cannes-escrime.com\/#\/schema\/logo\/image\/"}}]}},"_links":{"self":[{"href":"https:\/\/cannes-escrime.com\/index.php\/wp-json\/wp\/v2\/pages\/155"}],"collection":[{"href":"https:\/\/cannes-escrime.com\/index.php\/wp-json\/wp\/v2\/pages"}],"about":[{"href":"https:\/\/cannes-escrime.com\/index.php\/wp-json\/wp\/v2\/types\/page"}],"author":[{"embeddable":true,"href":"https:\/\/cannes-escrime.com\/index.php\/wp-json\/wp\/v2\/users\/4"}],"replies":[{"embeddable":true,"href":"https:\/\/cannes-escrime.com\/index.php\/wp-json\/wp\/v2\/comments?post=155"}],"version-history":[{"count":74,"href":"https:\/\/cannes-escrime.com\/index.php\/wp-json\/wp\/v2\/pages\/155\/revisions"}],"predecessor-version":[{"id":730,"href":"https:\/\/cannes-escrime.com\/index.php\/wp-json\/wp\/v2\/pages\/155\/revisions\/730"}],"up":[{"embeddable":true,"href":"https:\/\/cannes-escrime.com\/index.php\/wp-json\/wp\/v2\/pages\/33"}],"wp:attachment":[{"href":"https:\/\/cannes-escrime.com\/index.php\/wp-json\/wp\/v2\/media?parent=155"}],"curies":[{"name":"wp","href":"https:\/\/api.w.org\/{rel}","templated":true}]}}