{"id":174,"date":"2020-08-13T16:18:39","date_gmt":"2020-08-13T14:18:39","guid":{"rendered":"http:\/\/cannes-escrime.com\/?page_id=174"},"modified":"2025-07-16T21:53:30","modified_gmt":"2025-07-16T19:53:30","slug":"historique-du-club","status":"publish","type":"page","link":"https:\/\/cannes-escrime.com\/index.php\/le-club\/historique-du-club\/","title":{"rendered":"HISTORIQUE DU CLUB"},"content":{"rendered":"\n<figure class=\"wp-block-table is-style-regular\"><table><tbody><tr><td><br>Le club est fond\u00e9 en <strong>juillet 1930<\/strong>.<br><br>Son activit\u00e9 repart apr\u00e8s la seconde guerre mondiale sous la pr\u00e9sidence du <strong>Docteur<\/strong> <strong>BOISNIERE<\/strong> dont un challenge aux trois armes perp\u00e9tua longtemps la m\u00e9moire.<br><br>A l\u2019\u00e9poque les membres du club, dans la tradition d\u2019alors, \u00e9taient architectes, m\u00e9decins, v\u00e9t\u00e9rinaires ainsi que de jeunes talents qui allaient s\u2019illustrer dans les diff\u00e9rents championnats de France comme <strong>Melle GROUSSOT<\/strong> au fleuret ou <strong>Monsieur SASIA<\/strong> \u00e0 l\u2019\u00e9p\u00e9e.<br><br>L\u2019escrime se pratiquait alors dans les sous-sols de l\u2019h\u00f4tel Miramar, puis\u00a0 dans la salle de sports du Carlton. Lors de la construction du Palais des Sports, avenue Docteur Picaud, l\u2019escrime b\u00e9n\u00e9ficia des installations de cette salle, et furent organis\u00e9es des comp\u00e9titions nationales et internationales qui accueillirent jusqu\u2019\u00e0 150 participants comme le tournoi International \u00e0 l\u2019\u00e9p\u00e9e.<br><br>Depuis 1970 le club a pos\u00e9 ses armes au <strong>Gymnase des Broussailles<\/strong>, maintenant <strong>Jacqueline de Romilly<\/strong> o\u00f9 il dispose de plus d&rsquo;espace. Depuis peu davantage de cr\u00e9neaux horaires permettent un bien meilleur fonctionnement. De plus, gr\u00e2ce \u00e0 la Ville de Cannes, 10 pistes ont \u00e9t\u00e9 \u00e9quip\u00e9es de signalisations \u00e9lectriques.<br><br>Enseign\u00e8rent successivement \u00e0 CANNES, <strong>Ma\u00eetre MAILLOU<\/strong>, <strong>Ma\u00eetre JAMET<\/strong>, <strong>Ma\u00eetre HERTERT<\/strong> ( issu de l&rsquo;Ecole Militaire des Sports de Combat d\u2019ANTIBES o\u00f9 il avait \u00e9t\u00e9 \u00e9l\u00e8ve, puis enseignant ), <strong>Ma\u00eetre ORTOLI<\/strong> ( qui enseignait au club depuis 1973 ), <strong>Ma\u00eetre DHOTELLE<\/strong> (d\u00e9j\u00e0 enseignant au club de 1997 \u00e0 1999) et <strong>Ma\u00eetre FROMAGER<\/strong> ( champion de France au sabre et international junior et senior, et qui a rejoint Ma\u00eetre ORTOLI en 2001).<br><strong>Ma\u00eetre FRANCO<\/strong> est venu de 2008 \u00e0 2023 compl\u00e9ter le triumvirat des enseignants et apporter aux fleurettistes sa grande comp\u00e9tence et son exp\u00e9rience du haut niveau. Apr\u00e8s son d\u00e9part en retraite, une ann\u00e9e de transition a \u00e9t\u00e9 assur\u00e9e par <strong>Ma\u00eetre PHILIPPE<\/strong>. Depuis la saison 2024-2025, <strong>Ma\u00eetre DHOTELLE<\/strong> a repris la formation des jeunes fleurettistes ainsi que des \u00e9p\u00e9istes loisir de concert avec <strong>Ma\u00eetre GA\u00cfERO<\/strong> (en appui depuis 2023).<br><br>Les successeurs du Docteur BOISNIERE furent <strong>M. GROUSSOT<\/strong>, <strong>M. SASIA<\/strong>, <strong>M. LARUE<\/strong>, <strong>M. SIMON<\/strong>, <strong>Melle HAFFNER<\/strong>,\u00a0<strong>Mme SAVIN<\/strong>, aujourd&rsquo;hui <strong>Mme CAMPONOVO<\/strong>.<br><br>Le club\u00a0est repr\u00e9sent\u00e9\u00a0tous les ans par\u00a0trois ou quatre de ses jeunes aux diff\u00e9rents Championnats de France minimes et cadets.<br><br>Son dernier champion de France fut <strong>Rafa\u00ebl SAVIN<\/strong> (\u00e9l\u00e8ve de\u00a0Ma\u00eetre FRANCO) lors\u00a0de la saison 2016-2017. Il remporta les championnats de France individuels en M17 et M20 et il a \u00e9galement fait partie des \u00e9quipes de France M17 et M20. Il est aujourd&rsquo;hui pensionnaire de l&rsquo;INSEP.<br><\/td><\/tr><\/tbody><\/table><\/figure>\n","protected":false},"excerpt":{"rendered":"<p>Le club est fond\u00e9 en juillet 1930. Son activit\u00e9 repart apr\u00e8s la seconde guerre mondiale sous la pr\u00e9sidence du Docteur BOISNIERE dont un challenge aux trois armes perp\u00e9tua longtemps la m\u00e9moire. A l\u2019\u00e9poque les membres du club, dans la tradition d\u2019alors, \u00e9taient architectes, m\u00e9decins, v\u00e9t\u00e9rinaires ainsi que de jeunes talents qui allaient s\u2019illustrer dans les [&hellip;]<\/p>\n","protected":false},"author":4,"featured_media":0,"parent":2,"menu_order":1,"comment_status":"closed","ping_status":"closed","template":"","meta":{"footnotes":""},"class_list":["post-174","page","type-page","status-publish","hentry","post"],"yoast_head":"<!-- This site is optimized with the Yoast SEO plugin v23.4 - https:\/\/yoast.com\/wordpress\/plugins\/seo\/ -->\n<title>HISTORIQUE DU CLUB - Cercle d&#039;Escrime de Cannes<\/title>\n<meta name=\"robots\" content=\"index, follow, max-snippet:-1, max-image-preview:large, max-video-preview:-1\" \/>\n<link rel=\"canonical\" href=\"https:\/\/cannes-escrime.com\/index.php\/le-club\/historique-du-club\/\" \/>\n<meta property=\"og:locale\" content=\"fr_FR\" \/>\n<meta property=\"og:type\" content=\"article\" \/>\n<meta property=\"og:title\" content=\"HISTORIQUE DU CLUB - Cercle d&#039;Escrime de Cannes\" \/>\n<meta property=\"og:description\" content=\"Le club est fond\u00e9 en juillet 1930. Son activit\u00e9 repart apr\u00e8s la seconde guerre mondiale sous la pr\u00e9sidence du Docteur BOISNIERE dont un challenge aux trois armes perp\u00e9tua longtemps la m\u00e9moire. A l\u2019\u00e9poque les membres du club, dans la tradition d\u2019alors, \u00e9taient architectes, m\u00e9decins, v\u00e9t\u00e9rinaires ainsi que de jeunes talents qui allaient s\u2019illustrer dans les [&hellip;]\" \/>\n<meta property=\"og:url\" content=\"https:\/\/cannes-escrime.com\/index.php\/le-club\/historique-du-club\/\" \/>\n<meta property=\"og:site_name\" content=\"Cercle d&#039;Escrime de Cannes\" \/>\n<meta property=\"article:modified_time\" content=\"2025-07-16T19:53:30+00:00\" \/>\n<meta name=\"twitter:card\" content=\"summary_large_image\" \/>\n<meta name=\"twitter:label1\" content=\"Dur\u00e9e de lecture estim\u00e9e\" \/>\n\t<meta name=\"twitter:data1\" content=\"3 minutes\" \/>\n<script type=\"application\/ld+json\" class=\"yoast-schema-graph\">{\"@context\":\"https:\/\/schema.org\",\"@graph\":[{\"@type\":\"WebPage\",\"@id\":\"https:\/\/cannes-escrime.com\/index.php\/le-club\/historique-du-club\/\",\"url\":\"https:\/\/cannes-escrime.com\/index.php\/le-club\/historique-du-club\/\",\"name\":\"HISTORIQUE DU CLUB - Cercle d&#039;Escrime de Cannes\",\"isPartOf\":{\"@id\":\"https:\/\/cannes-escrime.com\/#website\"},\"datePublished\":\"2020-08-13T14:18:39+00:00\",\"dateModified\":\"2025-07-16T19:53:30+00:00\",\"breadcrumb\":{\"@id\":\"https:\/\/cannes-escrime.com\/index.php\/le-club\/historique-du-club\/#breadcrumb\"},\"inLanguage\":\"fr-FR\",\"potentialAction\":[{\"@type\":\"ReadAction\",\"target\":[\"https:\/\/cannes-escrime.com\/index.php\/le-club\/historique-du-club\/\"]}]},{\"@type\":\"BreadcrumbList\",\"@id\":\"https:\/\/cannes-escrime.com\/index.php\/le-club\/historique-du-club\/#breadcrumb\",\"itemListElement\":[{\"@type\":\"ListItem\",\"position\":1,\"name\":\"Accueil\",\"item\":\"https:\/\/cannes-escrime.com\/\"},{\"@type\":\"ListItem\",\"position\":2,\"name\":\"LE CLUB\",\"item\":\"https:\/\/cannes-escrime.com\/index.php\/le-club\/\"},{\"@type\":\"ListItem\",\"position\":3,\"name\":\"HISTORIQUE DU CLUB\"}]},{\"@type\":\"WebSite\",\"@id\":\"https:\/\/cannes-escrime.com\/#website\",\"url\":\"https:\/\/cannes-escrime.com\/\",\"name\":\"Cercle d&#039;Escrime de Cannes\",\"description\":\"Fleuret - Ep\u00e9e\",\"publisher\":{\"@id\":\"https:\/\/cannes-escrime.com\/#organization\"},\"potentialAction\":[{\"@type\":\"SearchAction\",\"target\":{\"@type\":\"EntryPoint\",\"urlTemplate\":\"https:\/\/cannes-escrime.com\/?s={search_term_string}\"},\"query-input\":{\"@type\":\"PropertyValueSpecification\",\"valueRequired\":true,\"valueName\":\"search_term_string\"}}],\"inLanguage\":\"fr-FR\"},{\"@type\":\"Organization\",\"@id\":\"https:\/\/cannes-escrime.com\/#organization\",\"name\":\"Cercle d&#039;Escrime de Cannes\",\"url\":\"https:\/\/cannes-escrime.com\/\",\"logo\":{\"@type\":\"ImageObject\",\"inLanguage\":\"fr-FR\",\"@id\":\"https:\/\/cannes-escrime.com\/#\/schema\/logo\/image\/\",\"url\":\"https:\/\/cannes-escrime.com\/wp-content\/uploads\/2020\/06\/cropped-logo-CEC-fond-transparent-e1591301479448.png\",\"contentUrl\":\"https:\/\/cannes-escrime.com\/wp-content\/uploads\/2020\/06\/cropped-logo-CEC-fond-transparent-e1591301479448.png\",\"width\":150,\"height\":150,\"caption\":\"Cercle d&#039;Escrime de Cannes\"},\"image\":{\"@id\":\"https:\/\/cannes-escrime.com\/#\/schema\/logo\/image\/\"}}]}<\/script>\n<!-- \/ Yoast SEO plugin. -->","yoast_head_json":{"title":"HISTORIQUE DU CLUB - Cercle d&#039;Escrime de Cannes","robots":{"index":"index","follow":"follow","max-snippet":"max-snippet:-1","max-image-preview":"max-image-preview:large","max-video-preview":"max-video-preview:-1"},"canonical":"https:\/\/cannes-escrime.com\/index.php\/le-club\/historique-du-club\/","og_locale":"fr_FR","og_type":"article","og_title":"HISTORIQUE DU CLUB - Cercle d&#039;Escrime de Cannes","og_description":"Le club est fond\u00e9 en juillet 1930. Son activit\u00e9 repart apr\u00e8s la seconde guerre mondiale sous la pr\u00e9sidence du Docteur BOISNIERE dont un challenge aux trois armes perp\u00e9tua longtemps la m\u00e9moire. A l\u2019\u00e9poque les membres du club, dans la tradition d\u2019alors, \u00e9taient architectes, m\u00e9decins, v\u00e9t\u00e9rinaires ainsi que de jeunes talents qui allaient s\u2019illustrer dans les [&hellip;]","og_url":"https:\/\/cannes-escrime.com\/index.php\/le-club\/historique-du-club\/","og_site_name":"Cercle d&#039;Escrime de Cannes","article_modified_time":"2025-07-16T19:53:30+00:00","twitter_card":"summary_large_image","twitter_misc":{"Dur\u00e9e de lecture estim\u00e9e":"3 minutes"},"schema":{"@context":"https:\/\/schema.org","@graph":[{"@type":"WebPage","@id":"https:\/\/cannes-escrime.com\/index.php\/le-club\/historique-du-club\/","url":"https:\/\/cannes-escrime.com\/index.php\/le-club\/historique-du-club\/","name":"HISTORIQUE DU CLUB - Cercle d&#039;Escrime de Cannes","isPartOf":{"@id":"https:\/\/cannes-escrime.com\/#website"},"datePublished":"2020-08-13T14:18:39+00:00","dateModified":"2025-07-16T19:53:30+00:00","breadcrumb":{"@id":"https:\/\/cannes-escrime.com\/index.php\/le-club\/historique-du-club\/#breadcrumb"},"inLanguage":"fr-FR","potentialAction":[{"@type":"ReadAction","target":["https:\/\/cannes-escrime.com\/index.php\/le-club\/historique-du-club\/"]}]},{"@type":"BreadcrumbList","@id":"https:\/\/cannes-escrime.com\/index.php\/le-club\/historique-du-club\/#breadcrumb","itemListElement":[{"@type":"ListItem","position":1,"name":"Accueil","item":"https:\/\/cannes-escrime.com\/"},{"@type":"ListItem","position":2,"name":"LE CLUB","item":"https:\/\/cannes-escrime.com\/index.php\/le-club\/"},{"@type":"ListItem","position":3,"name":"HISTORIQUE DU CLUB"}]},{"@type":"WebSite","@id":"https:\/\/cannes-escrime.com\/#website","url":"https:\/\/cannes-escrime.com\/","name":"Cercle d&#039;Escrime de Cannes","description":"Fleuret - Ep\u00e9e","publisher":{"@id":"https:\/\/cannes-escrime.com\/#organization"},"potentialAction":[{"@type":"SearchAction","target":{"@type":"EntryPoint","urlTemplate":"https:\/\/cannes-escrime.com\/?s={search_term_string}"},"query-input":{"@type":"PropertyValueSpecification","valueRequired":true,"valueName":"search_term_string"}}],"inLanguage":"fr-FR"},{"@type":"Organization","@id":"https:\/\/cannes-escrime.com\/#organization","name":"Cercle d&#039;Escrime de Cannes","url":"https:\/\/cannes-escrime.com\/","logo":{"@type":"ImageObject","inLanguage":"fr-FR","@id":"https:\/\/cannes-escrime.com\/#\/schema\/logo\/image\/","url":"https:\/\/cannes-escrime.com\/wp-content\/uploads\/2020\/06\/cropped-logo-CEC-fond-transparent-e1591301479448.png","contentUrl":"https:\/\/cannes-escrime.com\/wp-content\/uploads\/2020\/06\/cropped-logo-CEC-fond-transparent-e1591301479448.png","width":150,"height":150,"caption":"Cercle d&#039;Escrime de Cannes"},"image":{"@id":"https:\/\/cannes-escrime.com\/#\/schema\/logo\/image\/"}}]}},"_links":{"self":[{"href":"https:\/\/cannes-escrime.com\/index.php\/wp-json\/wp\/v2\/pages\/174"}],"collection":[{"href":"https:\/\/cannes-escrime.com\/index.php\/wp-json\/wp\/v2\/pages"}],"about":[{"href":"https:\/\/cannes-escrime.com\/index.php\/wp-json\/wp\/v2\/types\/page"}],"author":[{"embeddable":true,"href":"https:\/\/cannes-escrime.com\/index.php\/wp-json\/wp\/v2\/users\/4"}],"replies":[{"embeddable":true,"href":"https:\/\/cannes-escrime.com\/index.php\/wp-json\/wp\/v2\/comments?post=174"}],"version-history":[{"count":17,"href":"https:\/\/cannes-escrime.com\/index.php\/wp-json\/wp\/v2\/pages\/174\/revisions"}],"predecessor-version":[{"id":532,"href":"https:\/\/cannes-escrime.com\/index.php\/wp-json\/wp\/v2\/pages\/174\/revisions\/532"}],"up":[{"embeddable":true,"href":"https:\/\/cannes-escrime.com\/index.php\/wp-json\/wp\/v2\/pages\/2"}],"wp:attachment":[{"href":"https:\/\/cannes-escrime.com\/index.php\/wp-json\/wp\/v2\/media?parent=174"}],"curies":[{"name":"wp","href":"https:\/\/api.w.org\/{rel}","templated":true}]}}