{"id":181,"date":"2020-08-13T16:29:26","date_gmt":"2020-08-13T14:29:26","guid":{"rendered":"http:\/\/cannes-escrime.com\/?page_id=181"},"modified":"2020-08-15T17:20:41","modified_gmt":"2020-08-15T15:20:41","slug":"histoire-de-lescrime","status":"publish","type":"page","link":"https:\/\/cannes-escrime.com\/index.php\/histoire-de-lescrime\/","title":{"rendered":"HISTOIRE DE L&rsquo;ESCRIME"},"content":{"rendered":"\n<figure class=\"wp-block-table is-style-regular\"><table><tbody><tr><td>L&rsquo;<strong>histoire de l&rsquo;escrime<\/strong>&nbsp;a commenc\u00e9 avec celle de l&rsquo;humanit\u00e9 ou presque. D\u00e8s que l&rsquo;Homme a su travailler le bois puis le fer, il a fabriqu\u00e9 des armes pour se d\u00e9fendre et survivre. Il a \u00e9t\u00e9 dans l&rsquo;obligation de compenser son inf\u00e9riorit\u00e9 physique avec des armes qui lui servirent \u00e0 se d\u00e9fendre des animaux, puis, tr\u00e8s vite, \u00e0 r\u00e9gler des querelles particuli\u00e8res ou entre tribus. En&nbsp;Occident, \u00ab&nbsp;<em>l&rsquo;art de se d\u00e9fendre avec une&nbsp;arme blanche<\/em>&nbsp;\u00bb recouvre pour beaucoup l&rsquo;histoire des arts martiaux en Europe; il a progressivement \u00e9volu\u00e9, depuis le&nbsp;Moyen \u00c2ge&nbsp;o\u00f9 apparaissent les premiers trait\u00e9s d&rsquo;enseignement, d&rsquo;une pratique&nbsp;aristocratique&nbsp;et&nbsp;militaire&nbsp;\u00e0 un&nbsp;sport de combat&nbsp;olympique&nbsp;au&nbsp;21<sup>e<\/sup>&nbsp;si\u00e8cle&#8230;<br><br><a rel=\"noreferrer noopener\" href=\"https:\/\/fr.wikipedia.org\/wiki\/Histoire_de_l'escrime\" target=\"_blank\"> Lire la suite<\/a><\/td><\/tr><\/tbody><\/table><\/figure>\n\n\n\n<figure class=\"wp-block-image size-large\"><img loading=\"lazy\" decoding=\"async\" width=\"523\" height=\"296\" src=\"https:\/\/cannes-escrime.com\/wp-content\/uploads\/2020\/08\/Capture-d\u2019e\u0301cran-2020-08-15-a\u0300-16.30.37.png\" alt=\"\" class=\"wp-image-206\" srcset=\"https:\/\/cannes-escrime.com\/wp-content\/uploads\/2020\/08\/Capture-d\u2019e\u0301cran-2020-08-15-a\u0300-16.30.37.png 523w, https:\/\/cannes-escrime.com\/wp-content\/uploads\/2020\/08\/Capture-d\u2019e\u0301cran-2020-08-15-a\u0300-16.30.37-300x170.png 300w\" sizes=\"(max-width: 523px) 100vw, 523px\" \/><\/figure>\n\n\n\n<p><\/p>\n","protected":false},"excerpt":{"rendered":"<p>L&rsquo;histoire de l&rsquo;escrime&nbsp;a commenc\u00e9 avec celle de l&rsquo;humanit\u00e9 ou presque. D\u00e8s que l&rsquo;Homme a su travailler le bois puis le fer, il a fabriqu\u00e9 des armes pour se d\u00e9fendre et survivre. Il a \u00e9t\u00e9 dans l&rsquo;obligation de compenser son inf\u00e9riorit\u00e9 physique avec des armes qui lui servirent \u00e0 se d\u00e9fendre des animaux, puis, tr\u00e8s vite, [&hellip;]<\/p>\n","protected":false},"author":4,"featured_media":0,"parent":0,"menu_order":0,"comment_status":"closed","ping_status":"closed","template":"","meta":{"footnotes":""},"class_list":["post-181","page","type-page","status-publish","hentry","post"],"yoast_head":"<!-- This site is optimized with the Yoast SEO plugin v23.4 - https:\/\/yoast.com\/wordpress\/plugins\/seo\/ -->\n<title>HISTOIRE DE L&#039;ESCRIME - Cercle d&#039;Escrime de Cannes<\/title>\n<meta name=\"robots\" content=\"index, follow, max-snippet:-1, max-image-preview:large, max-video-preview:-1\" \/>\n<link rel=\"canonical\" href=\"https:\/\/cannes-escrime.com\/index.php\/histoire-de-lescrime\/\" \/>\n<meta property=\"og:locale\" content=\"fr_FR\" \/>\n<meta property=\"og:type\" content=\"article\" \/>\n<meta property=\"og:title\" content=\"HISTOIRE DE L&#039;ESCRIME - Cercle d&#039;Escrime de Cannes\" \/>\n<meta property=\"og:description\" content=\"L&rsquo;histoire de l&rsquo;escrime&nbsp;a commenc\u00e9 avec celle de l&rsquo;humanit\u00e9 ou presque. D\u00e8s que l&rsquo;Homme a su travailler le bois puis le fer, il a fabriqu\u00e9 des armes pour se d\u00e9fendre et survivre. Il a \u00e9t\u00e9 dans l&rsquo;obligation de compenser son inf\u00e9riorit\u00e9 physique avec des armes qui lui servirent \u00e0 se d\u00e9fendre des animaux, puis, tr\u00e8s vite, [&hellip;]\" \/>\n<meta property=\"og:url\" content=\"https:\/\/cannes-escrime.com\/index.php\/histoire-de-lescrime\/\" \/>\n<meta property=\"og:site_name\" content=\"Cercle d&#039;Escrime de Cannes\" \/>\n<meta property=\"article:modified_time\" content=\"2020-08-15T15:20:41+00:00\" \/>\n<meta name=\"twitter:card\" content=\"summary_large_image\" \/>\n<meta name=\"twitter:label1\" content=\"Dur\u00e9e de lecture estim\u00e9e\" \/>\n\t<meta name=\"twitter:data1\" content=\"1 minute\" \/>\n<script type=\"application\/ld+json\" class=\"yoast-schema-graph\">{\"@context\":\"https:\/\/schema.org\",\"@graph\":[{\"@type\":\"WebPage\",\"@id\":\"https:\/\/cannes-escrime.com\/index.php\/histoire-de-lescrime\/\",\"url\":\"https:\/\/cannes-escrime.com\/index.php\/histoire-de-lescrime\/\",\"name\":\"HISTOIRE DE L'ESCRIME - Cercle d&#039;Escrime de Cannes\",\"isPartOf\":{\"@id\":\"https:\/\/cannes-escrime.com\/#website\"},\"datePublished\":\"2020-08-13T14:29:26+00:00\",\"dateModified\":\"2020-08-15T15:20:41+00:00\",\"breadcrumb\":{\"@id\":\"https:\/\/cannes-escrime.com\/index.php\/histoire-de-lescrime\/#breadcrumb\"},\"inLanguage\":\"fr-FR\",\"potentialAction\":[{\"@type\":\"ReadAction\",\"target\":[\"https:\/\/cannes-escrime.com\/index.php\/histoire-de-lescrime\/\"]}]},{\"@type\":\"BreadcrumbList\",\"@id\":\"https:\/\/cannes-escrime.com\/index.php\/histoire-de-lescrime\/#breadcrumb\",\"itemListElement\":[{\"@type\":\"ListItem\",\"position\":1,\"name\":\"Accueil\",\"item\":\"https:\/\/cannes-escrime.com\/\"},{\"@type\":\"ListItem\",\"position\":2,\"name\":\"HISTOIRE DE L&rsquo;ESCRIME\"}]},{\"@type\":\"WebSite\",\"@id\":\"https:\/\/cannes-escrime.com\/#website\",\"url\":\"https:\/\/cannes-escrime.com\/\",\"name\":\"Cercle d&#039;Escrime de Cannes\",\"description\":\"Fleuret - Ep\u00e9e\",\"publisher\":{\"@id\":\"https:\/\/cannes-escrime.com\/#organization\"},\"potentialAction\":[{\"@type\":\"SearchAction\",\"target\":{\"@type\":\"EntryPoint\",\"urlTemplate\":\"https:\/\/cannes-escrime.com\/?s={search_term_string}\"},\"query-input\":{\"@type\":\"PropertyValueSpecification\",\"valueRequired\":true,\"valueName\":\"search_term_string\"}}],\"inLanguage\":\"fr-FR\"},{\"@type\":\"Organization\",\"@id\":\"https:\/\/cannes-escrime.com\/#organization\",\"name\":\"Cercle d&#039;Escrime de Cannes\",\"url\":\"https:\/\/cannes-escrime.com\/\",\"logo\":{\"@type\":\"ImageObject\",\"inLanguage\":\"fr-FR\",\"@id\":\"https:\/\/cannes-escrime.com\/#\/schema\/logo\/image\/\",\"url\":\"https:\/\/cannes-escrime.com\/wp-content\/uploads\/2020\/06\/cropped-logo-CEC-fond-transparent-e1591301479448.png\",\"contentUrl\":\"https:\/\/cannes-escrime.com\/wp-content\/uploads\/2020\/06\/cropped-logo-CEC-fond-transparent-e1591301479448.png\",\"width\":150,\"height\":150,\"caption\":\"Cercle d&#039;Escrime de Cannes\"},\"image\":{\"@id\":\"https:\/\/cannes-escrime.com\/#\/schema\/logo\/image\/\"}}]}<\/script>\n<!-- \/ Yoast SEO plugin. -->","yoast_head_json":{"title":"HISTOIRE DE L'ESCRIME - Cercle d&#039;Escrime de Cannes","robots":{"index":"index","follow":"follow","max-snippet":"max-snippet:-1","max-image-preview":"max-image-preview:large","max-video-preview":"max-video-preview:-1"},"canonical":"https:\/\/cannes-escrime.com\/index.php\/histoire-de-lescrime\/","og_locale":"fr_FR","og_type":"article","og_title":"HISTOIRE DE L'ESCRIME - Cercle d&#039;Escrime de Cannes","og_description":"L&rsquo;histoire de l&rsquo;escrime&nbsp;a commenc\u00e9 avec celle de l&rsquo;humanit\u00e9 ou presque. D\u00e8s que l&rsquo;Homme a su travailler le bois puis le fer, il a fabriqu\u00e9 des armes pour se d\u00e9fendre et survivre. Il a \u00e9t\u00e9 dans l&rsquo;obligation de compenser son inf\u00e9riorit\u00e9 physique avec des armes qui lui servirent \u00e0 se d\u00e9fendre des animaux, puis, tr\u00e8s vite, [&hellip;]","og_url":"https:\/\/cannes-escrime.com\/index.php\/histoire-de-lescrime\/","og_site_name":"Cercle d&#039;Escrime de Cannes","article_modified_time":"2020-08-15T15:20:41+00:00","twitter_card":"summary_large_image","twitter_misc":{"Dur\u00e9e de lecture estim\u00e9e":"1 minute"},"schema":{"@context":"https:\/\/schema.org","@graph":[{"@type":"WebPage","@id":"https:\/\/cannes-escrime.com\/index.php\/histoire-de-lescrime\/","url":"https:\/\/cannes-escrime.com\/index.php\/histoire-de-lescrime\/","name":"HISTOIRE DE L'ESCRIME - Cercle d&#039;Escrime de Cannes","isPartOf":{"@id":"https:\/\/cannes-escrime.com\/#website"},"datePublished":"2020-08-13T14:29:26+00:00","dateModified":"2020-08-15T15:20:41+00:00","breadcrumb":{"@id":"https:\/\/cannes-escrime.com\/index.php\/histoire-de-lescrime\/#breadcrumb"},"inLanguage":"fr-FR","potentialAction":[{"@type":"ReadAction","target":["https:\/\/cannes-escrime.com\/index.php\/histoire-de-lescrime\/"]}]},{"@type":"BreadcrumbList","@id":"https:\/\/cannes-escrime.com\/index.php\/histoire-de-lescrime\/#breadcrumb","itemListElement":[{"@type":"ListItem","position":1,"name":"Accueil","item":"https:\/\/cannes-escrime.com\/"},{"@type":"ListItem","position":2,"name":"HISTOIRE DE L&rsquo;ESCRIME"}]},{"@type":"WebSite","@id":"https:\/\/cannes-escrime.com\/#website","url":"https:\/\/cannes-escrime.com\/","name":"Cercle d&#039;Escrime de Cannes","description":"Fleuret - Ep\u00e9e","publisher":{"@id":"https:\/\/cannes-escrime.com\/#organization"},"potentialAction":[{"@type":"SearchAction","target":{"@type":"EntryPoint","urlTemplate":"https:\/\/cannes-escrime.com\/?s={search_term_string}"},"query-input":{"@type":"PropertyValueSpecification","valueRequired":true,"valueName":"search_term_string"}}],"inLanguage":"fr-FR"},{"@type":"Organization","@id":"https:\/\/cannes-escrime.com\/#organization","name":"Cercle d&#039;Escrime de Cannes","url":"https:\/\/cannes-escrime.com\/","logo":{"@type":"ImageObject","inLanguage":"fr-FR","@id":"https:\/\/cannes-escrime.com\/#\/schema\/logo\/image\/","url":"https:\/\/cannes-escrime.com\/wp-content\/uploads\/2020\/06\/cropped-logo-CEC-fond-transparent-e1591301479448.png","contentUrl":"https:\/\/cannes-escrime.com\/wp-content\/uploads\/2020\/06\/cropped-logo-CEC-fond-transparent-e1591301479448.png","width":150,"height":150,"caption":"Cercle d&#039;Escrime de Cannes"},"image":{"@id":"https:\/\/cannes-escrime.com\/#\/schema\/logo\/image\/"}}]}},"_links":{"self":[{"href":"https:\/\/cannes-escrime.com\/index.php\/wp-json\/wp\/v2\/pages\/181"}],"collection":[{"href":"https:\/\/cannes-escrime.com\/index.php\/wp-json\/wp\/v2\/pages"}],"about":[{"href":"https:\/\/cannes-escrime.com\/index.php\/wp-json\/wp\/v2\/types\/page"}],"author":[{"embeddable":true,"href":"https:\/\/cannes-escrime.com\/index.php\/wp-json\/wp\/v2\/users\/4"}],"replies":[{"embeddable":true,"href":"https:\/\/cannes-escrime.com\/index.php\/wp-json\/wp\/v2\/comments?post=181"}],"version-history":[{"count":3,"href":"https:\/\/cannes-escrime.com\/index.php\/wp-json\/wp\/v2\/pages\/181\/revisions"}],"predecessor-version":[{"id":215,"href":"https:\/\/cannes-escrime.com\/index.php\/wp-json\/wp\/v2\/pages\/181\/revisions\/215"}],"wp:attachment":[{"href":"https:\/\/cannes-escrime.com\/index.php\/wp-json\/wp\/v2\/media?parent=181"}],"curies":[{"name":"wp","href":"https:\/\/api.w.org\/{rel}","templated":true}]}}