{"id":224,"date":"2020-08-16T22:31:13","date_gmt":"2020-08-16T20:31:13","guid":{"rendered":"http:\/\/cannes-escrime.com\/?page_id=224"},"modified":"2026-03-17T16:11:08","modified_gmt":"2026-03-17T15:11:08","slug":"mettez-vous-a-lescrime","status":"publish","type":"page","link":"https:\/\/cannes-escrime.com\/","title":{"rendered":"INFORMATIONS G\u00c9N\u00c9RALES"},"content":{"rendered":"\n<p class=\"has-medium-font-size\">Le Cercle d&rsquo;escrime de Cannes vous accueille au gymnase Jacqueline de Romilly dans une ambiance familiale. Le club pratique le fleuret et l&rsquo;\u00e9p\u00e9e.<\/p>\n\n\n\n<p class=\"has-medium-font-size\">S<strong>\u00e9ances d&rsquo;essai et inscriptions toute l&rsquo;ann\u00e9e :<\/strong><br>&#8211; Enfants 5-10 ans : le samedi 15h30-17h<br>&#8211; Ado\/Adultes \u00e0 partir de 11 ans : le samedi 13h30-15h30<br>&#8211; Adultes : le lundi 20H00 &#8211; 22H00<\/p>\n\n\n\n<p class=\"has-medium-font-size\"><br><strong>Salle d&rsquo;armes: <br><\/strong>Gymnase Jacqueline de Romilly<br>176 Avenue de Grasse<br>06400 Cannes<\/p>\n\n\n\n<p class=\"has-medium-font-size\">Site de la <a href=\"https:\/\/www.ffescrime.fr\/\">f\u00e9d\u00e9ration fran\u00e7aise d&rsquo;escrime<\/a><\/p>\n\n\n\n<p class=\"has-medium-font-size\">Site du <a href=\"https:\/\/www.escrime-regionsud.fr\/\">comit\u00e9 r\u00e9gional R\u00e9gion Sud Corse<\/a><\/p>\n\n\n\n<p class=\"has-medium-font-size\">Site du <a href=\"https:\/\/www.cd06-escrime.fr\/\">comit\u00e9 d\u00e9partemental 06<\/a><\/p>\n\n\n\n<p><\/p>\n","protected":false},"excerpt":{"rendered":"<p>Le Cercle d&rsquo;escrime de Cannes vous accueille au gymnase Jacqueline de Romilly dans une ambiance familiale. Le club pratique le fleuret et l&rsquo;\u00e9p\u00e9e. S\u00e9ances d&rsquo;essai et inscriptions toute l&rsquo;ann\u00e9e :&#8211; Enfants 5-10 ans : le samedi 15h30-17h&#8211; Ado\/Adultes \u00e0 partir de 11 ans : le samedi 13h30-15h30&#8211; Adultes : le lundi 20H00 &#8211; 22H00 Salle [&hellip;]<\/p>\n","protected":false},"author":4,"featured_media":0,"parent":0,"menu_order":0,"comment_status":"closed","ping_status":"closed","template":"","meta":{"footnotes":""},"class_list":["post-224","page","type-page","status-publish","hentry","post"],"yoast_head":"<!-- This site is optimized with the Yoast SEO plugin v23.4 - https:\/\/yoast.com\/wordpress\/plugins\/seo\/ -->\n<title>INFORMATIONS G\u00c9N\u00c9RALES - Cercle d&#039;Escrime de Cannes<\/title>\n<meta name=\"robots\" content=\"index, follow, max-snippet:-1, max-image-preview:large, max-video-preview:-1\" \/>\n<link rel=\"canonical\" href=\"https:\/\/cannes-escrime.com\/\" \/>\n<meta property=\"og:locale\" content=\"fr_FR\" \/>\n<meta property=\"og:type\" content=\"article\" \/>\n<meta property=\"og:title\" content=\"INFORMATIONS G\u00c9N\u00c9RALES - Cercle d&#039;Escrime de Cannes\" \/>\n<meta property=\"og:description\" content=\"Le Cercle d&rsquo;escrime de Cannes vous accueille au gymnase Jacqueline de Romilly dans une ambiance familiale. Le club pratique le fleuret et l&rsquo;\u00e9p\u00e9e. S\u00e9ances d&rsquo;essai et inscriptions toute l&rsquo;ann\u00e9e :&#8211; Enfants 5-10 ans : le samedi 15h30-17h&#8211; Ado\/Adultes \u00e0 partir de 11 ans : le samedi 13h30-15h30&#8211; Adultes : le lundi 20H00 &#8211; 22H00 Salle [&hellip;]\" \/>\n<meta property=\"og:url\" content=\"https:\/\/cannes-escrime.com\/\" \/>\n<meta property=\"og:site_name\" content=\"Cercle d&#039;Escrime de Cannes\" \/>\n<meta property=\"article:modified_time\" content=\"2026-03-17T15:11:08+00:00\" \/>\n<meta name=\"twitter:card\" content=\"summary_large_image\" \/>\n<meta name=\"twitter:label1\" content=\"Dur\u00e9e de lecture estim\u00e9e\" \/>\n\t<meta name=\"twitter:data1\" content=\"1 minute\" \/>\n<script type=\"application\/ld+json\" class=\"yoast-schema-graph\">{\"@context\":\"https:\/\/schema.org\",\"@graph\":[{\"@type\":\"WebPage\",\"@id\":\"https:\/\/cannes-escrime.com\/\",\"url\":\"https:\/\/cannes-escrime.com\/\",\"name\":\"INFORMATIONS G\u00c9N\u00c9RALES - Cercle d&#039;Escrime de Cannes\",\"isPartOf\":{\"@id\":\"https:\/\/cannes-escrime.com\/#website\"},\"datePublished\":\"2020-08-16T20:31:13+00:00\",\"dateModified\":\"2026-03-17T15:11:08+00:00\",\"breadcrumb\":{\"@id\":\"https:\/\/cannes-escrime.com\/#breadcrumb\"},\"inLanguage\":\"fr-FR\",\"potentialAction\":[{\"@type\":\"ReadAction\",\"target\":[\"https:\/\/cannes-escrime.com\/\"]}]},{\"@type\":\"BreadcrumbList\",\"@id\":\"https:\/\/cannes-escrime.com\/#breadcrumb\",\"itemListElement\":[{\"@type\":\"ListItem\",\"position\":1,\"name\":\"Accueil\",\"item\":\"https:\/\/cannes-escrime.com\/\"},{\"@type\":\"ListItem\",\"position\":2,\"name\":\"INFORMATIONS G\u00c9N\u00c9RALES\"}]},{\"@type\":\"WebSite\",\"@id\":\"https:\/\/cannes-escrime.com\/#website\",\"url\":\"https:\/\/cannes-escrime.com\/\",\"name\":\"Cercle d&#039;Escrime de Cannes\",\"description\":\"Fleuret - Ep\u00e9e\",\"publisher\":{\"@id\":\"https:\/\/cannes-escrime.com\/#organization\"},\"potentialAction\":[{\"@type\":\"SearchAction\",\"target\":{\"@type\":\"EntryPoint\",\"urlTemplate\":\"https:\/\/cannes-escrime.com\/?s={search_term_string}\"},\"query-input\":{\"@type\":\"PropertyValueSpecification\",\"valueRequired\":true,\"valueName\":\"search_term_string\"}}],\"inLanguage\":\"fr-FR\"},{\"@type\":\"Organization\",\"@id\":\"https:\/\/cannes-escrime.com\/#organization\",\"name\":\"Cercle d&#039;Escrime de Cannes\",\"url\":\"https:\/\/cannes-escrime.com\/\",\"logo\":{\"@type\":\"ImageObject\",\"inLanguage\":\"fr-FR\",\"@id\":\"https:\/\/cannes-escrime.com\/#\/schema\/logo\/image\/\",\"url\":\"https:\/\/cannes-escrime.com\/wp-content\/uploads\/2020\/06\/cropped-logo-CEC-fond-transparent-e1591301479448.png\",\"contentUrl\":\"https:\/\/cannes-escrime.com\/wp-content\/uploads\/2020\/06\/cropped-logo-CEC-fond-transparent-e1591301479448.png\",\"width\":150,\"height\":150,\"caption\":\"Cercle d&#039;Escrime de Cannes\"},\"image\":{\"@id\":\"https:\/\/cannes-escrime.com\/#\/schema\/logo\/image\/\"}}]}<\/script>\n<!-- \/ Yoast SEO plugin. -->","yoast_head_json":{"title":"INFORMATIONS G\u00c9N\u00c9RALES - Cercle d&#039;Escrime de Cannes","robots":{"index":"index","follow":"follow","max-snippet":"max-snippet:-1","max-image-preview":"max-image-preview:large","max-video-preview":"max-video-preview:-1"},"canonical":"https:\/\/cannes-escrime.com\/","og_locale":"fr_FR","og_type":"article","og_title":"INFORMATIONS G\u00c9N\u00c9RALES - Cercle d&#039;Escrime de Cannes","og_description":"Le Cercle d&rsquo;escrime de Cannes vous accueille au gymnase Jacqueline de Romilly dans une ambiance familiale. Le club pratique le fleuret et l&rsquo;\u00e9p\u00e9e. S\u00e9ances d&rsquo;essai et inscriptions toute l&rsquo;ann\u00e9e :&#8211; Enfants 5-10 ans : le samedi 15h30-17h&#8211; Ado\/Adultes \u00e0 partir de 11 ans : le samedi 13h30-15h30&#8211; Adultes : le lundi 20H00 &#8211; 22H00 Salle [&hellip;]","og_url":"https:\/\/cannes-escrime.com\/","og_site_name":"Cercle d&#039;Escrime de Cannes","article_modified_time":"2026-03-17T15:11:08+00:00","twitter_card":"summary_large_image","twitter_misc":{"Dur\u00e9e de lecture estim\u00e9e":"1 minute"},"schema":{"@context":"https:\/\/schema.org","@graph":[{"@type":"WebPage","@id":"https:\/\/cannes-escrime.com\/","url":"https:\/\/cannes-escrime.com\/","name":"INFORMATIONS G\u00c9N\u00c9RALES - Cercle d&#039;Escrime de Cannes","isPartOf":{"@id":"https:\/\/cannes-escrime.com\/#website"},"datePublished":"2020-08-16T20:31:13+00:00","dateModified":"2026-03-17T15:11:08+00:00","breadcrumb":{"@id":"https:\/\/cannes-escrime.com\/#breadcrumb"},"inLanguage":"fr-FR","potentialAction":[{"@type":"ReadAction","target":["https:\/\/cannes-escrime.com\/"]}]},{"@type":"BreadcrumbList","@id":"https:\/\/cannes-escrime.com\/#breadcrumb","itemListElement":[{"@type":"ListItem","position":1,"name":"Accueil","item":"https:\/\/cannes-escrime.com\/"},{"@type":"ListItem","position":2,"name":"INFORMATIONS G\u00c9N\u00c9RALES"}]},{"@type":"WebSite","@id":"https:\/\/cannes-escrime.com\/#website","url":"https:\/\/cannes-escrime.com\/","name":"Cercle d&#039;Escrime de Cannes","description":"Fleuret - Ep\u00e9e","publisher":{"@id":"https:\/\/cannes-escrime.com\/#organization"},"potentialAction":[{"@type":"SearchAction","target":{"@type":"EntryPoint","urlTemplate":"https:\/\/cannes-escrime.com\/?s={search_term_string}"},"query-input":{"@type":"PropertyValueSpecification","valueRequired":true,"valueName":"search_term_string"}}],"inLanguage":"fr-FR"},{"@type":"Organization","@id":"https:\/\/cannes-escrime.com\/#organization","name":"Cercle d&#039;Escrime de Cannes","url":"https:\/\/cannes-escrime.com\/","logo":{"@type":"ImageObject","inLanguage":"fr-FR","@id":"https:\/\/cannes-escrime.com\/#\/schema\/logo\/image\/","url":"https:\/\/cannes-escrime.com\/wp-content\/uploads\/2020\/06\/cropped-logo-CEC-fond-transparent-e1591301479448.png","contentUrl":"https:\/\/cannes-escrime.com\/wp-content\/uploads\/2020\/06\/cropped-logo-CEC-fond-transparent-e1591301479448.png","width":150,"height":150,"caption":"Cercle d&#039;Escrime de Cannes"},"image":{"@id":"https:\/\/cannes-escrime.com\/#\/schema\/logo\/image\/"}}]}},"_links":{"self":[{"href":"https:\/\/cannes-escrime.com\/index.php\/wp-json\/wp\/v2\/pages\/224"}],"collection":[{"href":"https:\/\/cannes-escrime.com\/index.php\/wp-json\/wp\/v2\/pages"}],"about":[{"href":"https:\/\/cannes-escrime.com\/index.php\/wp-json\/wp\/v2\/types\/page"}],"author":[{"embeddable":true,"href":"https:\/\/cannes-escrime.com\/index.php\/wp-json\/wp\/v2\/users\/4"}],"replies":[{"embeddable":true,"href":"https:\/\/cannes-escrime.com\/index.php\/wp-json\/wp\/v2\/comments?post=224"}],"version-history":[{"count":46,"href":"https:\/\/cannes-escrime.com\/index.php\/wp-json\/wp\/v2\/pages\/224\/revisions"}],"predecessor-version":[{"id":1042,"href":"https:\/\/cannes-escrime.com\/index.php\/wp-json\/wp\/v2\/pages\/224\/revisions\/1042"}],"wp:attachment":[{"href":"https:\/\/cannes-escrime.com\/index.php\/wp-json\/wp\/v2\/media?parent=224"}],"curies":[{"name":"wp","href":"https:\/\/api.w.org\/{rel}","templated":true}]}}