{"id":25,"date":"2020-06-04T22:36:42","date_gmt":"2020-06-04T20:36:42","guid":{"rendered":"http:\/\/cannes-escrime.com\/?page_id=25"},"modified":"2025-07-17T00:34:57","modified_gmt":"2025-07-16T22:34:57","slug":"les-maitres-darmes","status":"publish","type":"page","link":"https:\/\/cannes-escrime.com\/index.php\/le-club\/les-maitres-darmes\/","title":{"rendered":"LES MA\u00ceTRES D&rsquo;ARMES"},"content":{"rendered":"\n<p class=\"has-medium-font-size\">Ma\u00eetre Philippe Dhotelle<br>Ma\u00eetre Lionel Ga\u00efero<\/p>\n","protected":false},"excerpt":{"rendered":"<p>Ma\u00eetre Philippe DhotelleMa\u00eetre Lionel Ga\u00efero<\/p>\n","protected":false},"author":4,"featured_media":0,"parent":2,"menu_order":3,"comment_status":"closed","ping_status":"closed","template":"","meta":{"footnotes":""},"class_list":["post-25","page","type-page","status-publish","hentry","post"],"yoast_head":"<!-- This site is optimized with the Yoast SEO plugin v23.4 - https:\/\/yoast.com\/wordpress\/plugins\/seo\/ -->\n<title>LES MA\u00ceTRES D&#039;ARMES - Cercle d&#039;Escrime de Cannes<\/title>\n<meta name=\"robots\" content=\"index, follow, max-snippet:-1, max-image-preview:large, max-video-preview:-1\" \/>\n<link rel=\"canonical\" href=\"https:\/\/cannes-escrime.com\/index.php\/le-club\/les-maitres-darmes\/\" \/>\n<meta property=\"og:locale\" content=\"fr_FR\" \/>\n<meta property=\"og:type\" content=\"article\" \/>\n<meta property=\"og:title\" content=\"LES MA\u00ceTRES D&#039;ARMES - Cercle d&#039;Escrime de Cannes\" \/>\n<meta property=\"og:description\" content=\"Ma\u00eetre Philippe DhotelleMa\u00eetre Lionel Ga\u00efero\" \/>\n<meta property=\"og:url\" content=\"https:\/\/cannes-escrime.com\/index.php\/le-club\/les-maitres-darmes\/\" \/>\n<meta property=\"og:site_name\" content=\"Cercle d&#039;Escrime de Cannes\" \/>\n<meta property=\"article:modified_time\" content=\"2025-07-16T22:34:57+00:00\" \/>\n<meta name=\"twitter:card\" content=\"summary_large_image\" \/>\n<meta name=\"twitter:label1\" content=\"Dur\u00e9e de lecture estim\u00e9e\" \/>\n\t<meta name=\"twitter:data1\" content=\"1 minute\" \/>\n<script type=\"application\/ld+json\" class=\"yoast-schema-graph\">{\"@context\":\"https:\/\/schema.org\",\"@graph\":[{\"@type\":\"WebPage\",\"@id\":\"https:\/\/cannes-escrime.com\/index.php\/le-club\/les-maitres-darmes\/\",\"url\":\"https:\/\/cannes-escrime.com\/index.php\/le-club\/les-maitres-darmes\/\",\"name\":\"LES MA\u00ceTRES D'ARMES - Cercle d&#039;Escrime de Cannes\",\"isPartOf\":{\"@id\":\"https:\/\/cannes-escrime.com\/#website\"},\"datePublished\":\"2020-06-04T20:36:42+00:00\",\"dateModified\":\"2025-07-16T22:34:57+00:00\",\"breadcrumb\":{\"@id\":\"https:\/\/cannes-escrime.com\/index.php\/le-club\/les-maitres-darmes\/#breadcrumb\"},\"inLanguage\":\"fr-FR\",\"potentialAction\":[{\"@type\":\"ReadAction\",\"target\":[\"https:\/\/cannes-escrime.com\/index.php\/le-club\/les-maitres-darmes\/\"]}]},{\"@type\":\"BreadcrumbList\",\"@id\":\"https:\/\/cannes-escrime.com\/index.php\/le-club\/les-maitres-darmes\/#breadcrumb\",\"itemListElement\":[{\"@type\":\"ListItem\",\"position\":1,\"name\":\"Accueil\",\"item\":\"https:\/\/cannes-escrime.com\/\"},{\"@type\":\"ListItem\",\"position\":2,\"name\":\"LE CLUB\",\"item\":\"https:\/\/cannes-escrime.com\/index.php\/le-club\/\"},{\"@type\":\"ListItem\",\"position\":3,\"name\":\"LES MA\u00ceTRES D&rsquo;ARMES\"}]},{\"@type\":\"WebSite\",\"@id\":\"https:\/\/cannes-escrime.com\/#website\",\"url\":\"https:\/\/cannes-escrime.com\/\",\"name\":\"Cercle d&#039;Escrime de Cannes\",\"description\":\"Fleuret - Ep\u00e9e\",\"publisher\":{\"@id\":\"https:\/\/cannes-escrime.com\/#organization\"},\"potentialAction\":[{\"@type\":\"SearchAction\",\"target\":{\"@type\":\"EntryPoint\",\"urlTemplate\":\"https:\/\/cannes-escrime.com\/?s={search_term_string}\"},\"query-input\":{\"@type\":\"PropertyValueSpecification\",\"valueRequired\":true,\"valueName\":\"search_term_string\"}}],\"inLanguage\":\"fr-FR\"},{\"@type\":\"Organization\",\"@id\":\"https:\/\/cannes-escrime.com\/#organization\",\"name\":\"Cercle d&#039;Escrime de Cannes\",\"url\":\"https:\/\/cannes-escrime.com\/\",\"logo\":{\"@type\":\"ImageObject\",\"inLanguage\":\"fr-FR\",\"@id\":\"https:\/\/cannes-escrime.com\/#\/schema\/logo\/image\/\",\"url\":\"https:\/\/cannes-escrime.com\/wp-content\/uploads\/2020\/06\/cropped-logo-CEC-fond-transparent-e1591301479448.png\",\"contentUrl\":\"https:\/\/cannes-escrime.com\/wp-content\/uploads\/2020\/06\/cropped-logo-CEC-fond-transparent-e1591301479448.png\",\"width\":150,\"height\":150,\"caption\":\"Cercle d&#039;Escrime de Cannes\"},\"image\":{\"@id\":\"https:\/\/cannes-escrime.com\/#\/schema\/logo\/image\/\"}}]}<\/script>\n<!-- \/ Yoast SEO plugin. -->","yoast_head_json":{"title":"LES MA\u00ceTRES D'ARMES - Cercle d&#039;Escrime de Cannes","robots":{"index":"index","follow":"follow","max-snippet":"max-snippet:-1","max-image-preview":"max-image-preview:large","max-video-preview":"max-video-preview:-1"},"canonical":"https:\/\/cannes-escrime.com\/index.php\/le-club\/les-maitres-darmes\/","og_locale":"fr_FR","og_type":"article","og_title":"LES MA\u00ceTRES D'ARMES - Cercle d&#039;Escrime de Cannes","og_description":"Ma\u00eetre Philippe DhotelleMa\u00eetre Lionel Ga\u00efero","og_url":"https:\/\/cannes-escrime.com\/index.php\/le-club\/les-maitres-darmes\/","og_site_name":"Cercle d&#039;Escrime de Cannes","article_modified_time":"2025-07-16T22:34:57+00:00","twitter_card":"summary_large_image","twitter_misc":{"Dur\u00e9e de lecture estim\u00e9e":"1 minute"},"schema":{"@context":"https:\/\/schema.org","@graph":[{"@type":"WebPage","@id":"https:\/\/cannes-escrime.com\/index.php\/le-club\/les-maitres-darmes\/","url":"https:\/\/cannes-escrime.com\/index.php\/le-club\/les-maitres-darmes\/","name":"LES MA\u00ceTRES D'ARMES - Cercle d&#039;Escrime de Cannes","isPartOf":{"@id":"https:\/\/cannes-escrime.com\/#website"},"datePublished":"2020-06-04T20:36:42+00:00","dateModified":"2025-07-16T22:34:57+00:00","breadcrumb":{"@id":"https:\/\/cannes-escrime.com\/index.php\/le-club\/les-maitres-darmes\/#breadcrumb"},"inLanguage":"fr-FR","potentialAction":[{"@type":"ReadAction","target":["https:\/\/cannes-escrime.com\/index.php\/le-club\/les-maitres-darmes\/"]}]},{"@type":"BreadcrumbList","@id":"https:\/\/cannes-escrime.com\/index.php\/le-club\/les-maitres-darmes\/#breadcrumb","itemListElement":[{"@type":"ListItem","position":1,"name":"Accueil","item":"https:\/\/cannes-escrime.com\/"},{"@type":"ListItem","position":2,"name":"LE CLUB","item":"https:\/\/cannes-escrime.com\/index.php\/le-club\/"},{"@type":"ListItem","position":3,"name":"LES MA\u00ceTRES D&rsquo;ARMES"}]},{"@type":"WebSite","@id":"https:\/\/cannes-escrime.com\/#website","url":"https:\/\/cannes-escrime.com\/","name":"Cercle d&#039;Escrime de Cannes","description":"Fleuret - Ep\u00e9e","publisher":{"@id":"https:\/\/cannes-escrime.com\/#organization"},"potentialAction":[{"@type":"SearchAction","target":{"@type":"EntryPoint","urlTemplate":"https:\/\/cannes-escrime.com\/?s={search_term_string}"},"query-input":{"@type":"PropertyValueSpecification","valueRequired":true,"valueName":"search_term_string"}}],"inLanguage":"fr-FR"},{"@type":"Organization","@id":"https:\/\/cannes-escrime.com\/#organization","name":"Cercle d&#039;Escrime de Cannes","url":"https:\/\/cannes-escrime.com\/","logo":{"@type":"ImageObject","inLanguage":"fr-FR","@id":"https:\/\/cannes-escrime.com\/#\/schema\/logo\/image\/","url":"https:\/\/cannes-escrime.com\/wp-content\/uploads\/2020\/06\/cropped-logo-CEC-fond-transparent-e1591301479448.png","contentUrl":"https:\/\/cannes-escrime.com\/wp-content\/uploads\/2020\/06\/cropped-logo-CEC-fond-transparent-e1591301479448.png","width":150,"height":150,"caption":"Cercle d&#039;Escrime de Cannes"},"image":{"@id":"https:\/\/cannes-escrime.com\/#\/schema\/logo\/image\/"}}]}},"_links":{"self":[{"href":"https:\/\/cannes-escrime.com\/index.php\/wp-json\/wp\/v2\/pages\/25"}],"collection":[{"href":"https:\/\/cannes-escrime.com\/index.php\/wp-json\/wp\/v2\/pages"}],"about":[{"href":"https:\/\/cannes-escrime.com\/index.php\/wp-json\/wp\/v2\/types\/page"}],"author":[{"embeddable":true,"href":"https:\/\/cannes-escrime.com\/index.php\/wp-json\/wp\/v2\/users\/4"}],"replies":[{"embeddable":true,"href":"https:\/\/cannes-escrime.com\/index.php\/wp-json\/wp\/v2\/comments?post=25"}],"version-history":[{"count":6,"href":"https:\/\/cannes-escrime.com\/index.php\/wp-json\/wp\/v2\/pages\/25\/revisions"}],"predecessor-version":[{"id":565,"href":"https:\/\/cannes-escrime.com\/index.php\/wp-json\/wp\/v2\/pages\/25\/revisions\/565"}],"up":[{"embeddable":true,"href":"https:\/\/cannes-escrime.com\/index.php\/wp-json\/wp\/v2\/pages\/2"}],"wp:attachment":[{"href":"https:\/\/cannes-escrime.com\/index.php\/wp-json\/wp\/v2\/media?parent=25"}],"curies":[{"name":"wp","href":"https:\/\/api.w.org\/{rel}","templated":true}]}}