{"id":41,"date":"2020-06-04T22:42:46","date_gmt":"2020-06-04T20:42:46","guid":{"rendered":"http:\/\/cannes-escrime.com\/?page_id=41"},"modified":"2025-07-17T00:36:07","modified_gmt":"2025-07-16T22:36:07","slug":"contact","status":"publish","type":"page","link":"https:\/\/cannes-escrime.com\/index.php\/contact\/","title":{"rendered":"CONTACTS"},"content":{"rendered":"\n<div class=\"wp-block-group\"><div class=\"wp-block-group__inner-container is-layout-flow wp-block-group-is-layout-flow\">\n<p class=\"has-medium-font-size\"><strong>La Pr\u00e9sidente<\/strong><br>Aur\u00e9lie CAMPONOVO<br>escrimecannes@gmail.com<br>06 73 44 28 06<\/p>\n\n\n\n<p><\/p>\n\n\n\n<p class=\"has-medium-font-size\"><strong>Le Ma\u00eetre d&rsquo;armes<\/strong><br>Philippe DHOTELLE<br>p.dhotelle@gmail.com<br>07 83 60 75 15<\/p>\n<\/div><\/div>\n\n\n\n<p><\/p>\n\n\n\n<p><\/p>\n\n\n\n<h2 class=\"wp-block-heading\">REMERCIEMENTS<\/h2>\n\n\n\n<p><a href=\"http:\/\/www.cannes.com\/fr\/index.html\">La Mairie de Cannes<\/a><\/p>\n\n\n<div class=\"wp-block-image\">\n<figure class=\"aligncenter size-full\"><a href=\"http:\/\/www.cannes.com\/fr\/index.html\"><img loading=\"lazy\" decoding=\"async\" width=\"152\" height=\"141\" src=\"https:\/\/cannes-escrime.com\/wp-content\/uploads\/2020\/08\/logo-Cannes.png\" alt=\"\" class=\"wp-image-264\"\/><\/a><\/figure><\/div>\n\n\n<p><a href=\"https:\/\/www.escrime-ffe.fr\/\">La F\u00e9d\u00e9ration Fran\u00e7aise d&rsquo;Escrime<\/a><\/p>\n\n\n<div class=\"wp-block-image\">\n<figure class=\"aligncenter size-full\"><a href=\"https:\/\/www.escrime-ffe.fr\/\"><img loading=\"lazy\" decoding=\"async\" width=\"139\" height=\"100\" src=\"https:\/\/cannes-escrime.com\/wp-content\/uploads\/2020\/08\/logo-FFE.png\" alt=\"\" class=\"wp-image-265\"\/><\/a><\/figure><\/div>\n\n\n<p><a href=\"https:\/\/www.escrime-regionsud.fr\/\">La Ligue d&rsquo;escrime R\u00e9gion Sud<\/a><\/p>\n\n\n<div class=\"wp-block-image\">\n<figure class=\"aligncenter size-full is-resized\"><a href=\"https:\/\/www.escrime-regionsud.fr\/\"><img loading=\"lazy\" decoding=\"async\" width=\"181\" height=\"47\" src=\"https:\/\/cannes-escrime.com\/wp-content\/uploads\/2020\/08\/Logo-PACA.png\" alt=\"\" class=\"wp-image-266\" style=\"width:315px;height:auto\"\/><\/a><\/figure><\/div>\n\n\n<p><a href=\"https:\/\/www.cd06-escrime.fr\/\" target=\"_blank\" rel=\"noreferrer noopener\">L&rsquo;association d\u00e9partementale 06 d&rsquo;escrime<\/a><\/p>\n\n\n<div class=\"wp-block-image\">\n<figure class=\"aligncenter size-large is-resized\"><a href=\"https:\/\/www.cd06-escrime.fr\/\"><img loading=\"lazy\" decoding=\"async\" width=\"1024\" height=\"190\" src=\"https:\/\/cannes-escrime.com\/wp-content\/uploads\/2020\/08\/Logo-CD06-1024x190.jpg\" alt=\"\" class=\"wp-image-267\" style=\"width:404px;height:auto\" srcset=\"https:\/\/cannes-escrime.com\/wp-content\/uploads\/2020\/08\/Logo-CD06-1024x190.jpg 1024w, https:\/\/cannes-escrime.com\/wp-content\/uploads\/2020\/08\/Logo-CD06-300x56.jpg 300w, https:\/\/cannes-escrime.com\/wp-content\/uploads\/2020\/08\/Logo-CD06-768x142.jpg 768w, https:\/\/cannes-escrime.com\/wp-content\/uploads\/2020\/08\/Logo-CD06-1536x285.jpg 1536w, https:\/\/cannes-escrime.com\/wp-content\/uploads\/2020\/08\/Logo-CD06-2048x380.jpg 2048w\" sizes=\"(max-width: 1024px) 100vw, 1024px\" \/><\/a><\/figure><\/div>\n\n\n<p><\/p>\n","protected":false},"excerpt":{"rendered":"<p>La Pr\u00e9sidenteAur\u00e9lie CAMPONOVOescrimecannes@gmail.com06 73 44 28 06 Le Ma\u00eetre d&rsquo;armesPhilippe DHOTELLEp.dhotelle@gmail.com07 83 60 75 15 REMERCIEMENTS La Mairie de Cannes La F\u00e9d\u00e9ration Fran\u00e7aise d&rsquo;Escrime La Ligue d&rsquo;escrime R\u00e9gion Sud L&rsquo;association d\u00e9partementale 06 d&rsquo;escrime<\/p>\n","protected":false},"author":4,"featured_media":0,"parent":0,"menu_order":3,"comment_status":"closed","ping_status":"closed","template":"","meta":{"footnotes":""},"class_list":["post-41","page","type-page","status-publish","hentry","post"],"yoast_head":"<!-- This site is optimized with the Yoast SEO plugin v23.4 - https:\/\/yoast.com\/wordpress\/plugins\/seo\/ -->\n<title>CONTACTS - Cercle d&#039;Escrime de Cannes<\/title>\n<meta name=\"robots\" content=\"index, follow, max-snippet:-1, max-image-preview:large, max-video-preview:-1\" \/>\n<link rel=\"canonical\" href=\"https:\/\/cannes-escrime.com\/index.php\/contact\/\" \/>\n<meta property=\"og:locale\" content=\"fr_FR\" \/>\n<meta property=\"og:type\" content=\"article\" \/>\n<meta property=\"og:title\" content=\"CONTACTS - Cercle d&#039;Escrime de Cannes\" \/>\n<meta property=\"og:description\" content=\"La Pr\u00e9sidenteAur\u00e9lie CAMPONOVOescrimecannes@gmail.com06 73 44 28 06 Le Ma\u00eetre d&rsquo;armesPhilippe DHOTELLEp.dhotelle@gmail.com07 83 60 75 15 REMERCIEMENTS La Mairie de Cannes La F\u00e9d\u00e9ration Fran\u00e7aise d&rsquo;Escrime La Ligue d&rsquo;escrime R\u00e9gion Sud L&rsquo;association d\u00e9partementale 06 d&rsquo;escrime\" \/>\n<meta property=\"og:url\" content=\"https:\/\/cannes-escrime.com\/index.php\/contact\/\" \/>\n<meta property=\"og:site_name\" content=\"Cercle d&#039;Escrime de Cannes\" \/>\n<meta property=\"article:modified_time\" content=\"2025-07-16T22:36:07+00:00\" \/>\n<meta property=\"og:image\" content=\"http:\/\/cannes-escrime.com\/wp-content\/uploads\/2020\/08\/logo-Cannes.png\" \/>\n<meta name=\"twitter:card\" content=\"summary_large_image\" \/>\n<meta name=\"twitter:label1\" content=\"Dur\u00e9e de lecture estim\u00e9e\" \/>\n\t<meta name=\"twitter:data1\" content=\"1 minute\" \/>\n<script type=\"application\/ld+json\" class=\"yoast-schema-graph\">{\"@context\":\"https:\/\/schema.org\",\"@graph\":[{\"@type\":\"WebPage\",\"@id\":\"https:\/\/cannes-escrime.com\/index.php\/contact\/\",\"url\":\"https:\/\/cannes-escrime.com\/index.php\/contact\/\",\"name\":\"CONTACTS - Cercle d&#039;Escrime de Cannes\",\"isPartOf\":{\"@id\":\"https:\/\/cannes-escrime.com\/#website\"},\"primaryImageOfPage\":{\"@id\":\"https:\/\/cannes-escrime.com\/index.php\/contact\/#primaryimage\"},\"image\":{\"@id\":\"https:\/\/cannes-escrime.com\/index.php\/contact\/#primaryimage\"},\"thumbnailUrl\":\"http:\/\/cannes-escrime.com\/wp-content\/uploads\/2020\/08\/logo-Cannes.png\",\"datePublished\":\"2020-06-04T20:42:46+00:00\",\"dateModified\":\"2025-07-16T22:36:07+00:00\",\"breadcrumb\":{\"@id\":\"https:\/\/cannes-escrime.com\/index.php\/contact\/#breadcrumb\"},\"inLanguage\":\"fr-FR\",\"potentialAction\":[{\"@type\":\"ReadAction\",\"target\":[\"https:\/\/cannes-escrime.com\/index.php\/contact\/\"]}]},{\"@type\":\"ImageObject\",\"inLanguage\":\"fr-FR\",\"@id\":\"https:\/\/cannes-escrime.com\/index.php\/contact\/#primaryimage\",\"url\":\"http:\/\/cannes-escrime.com\/wp-content\/uploads\/2020\/08\/logo-Cannes.png\",\"contentUrl\":\"http:\/\/cannes-escrime.com\/wp-content\/uploads\/2020\/08\/logo-Cannes.png\"},{\"@type\":\"BreadcrumbList\",\"@id\":\"https:\/\/cannes-escrime.com\/index.php\/contact\/#breadcrumb\",\"itemListElement\":[{\"@type\":\"ListItem\",\"position\":1,\"name\":\"Accueil\",\"item\":\"https:\/\/cannes-escrime.com\/\"},{\"@type\":\"ListItem\",\"position\":2,\"name\":\"CONTACTS\"}]},{\"@type\":\"WebSite\",\"@id\":\"https:\/\/cannes-escrime.com\/#website\",\"url\":\"https:\/\/cannes-escrime.com\/\",\"name\":\"Cercle d&#039;Escrime de Cannes\",\"description\":\"Fleuret - Ep\u00e9e\",\"publisher\":{\"@id\":\"https:\/\/cannes-escrime.com\/#organization\"},\"potentialAction\":[{\"@type\":\"SearchAction\",\"target\":{\"@type\":\"EntryPoint\",\"urlTemplate\":\"https:\/\/cannes-escrime.com\/?s={search_term_string}\"},\"query-input\":{\"@type\":\"PropertyValueSpecification\",\"valueRequired\":true,\"valueName\":\"search_term_string\"}}],\"inLanguage\":\"fr-FR\"},{\"@type\":\"Organization\",\"@id\":\"https:\/\/cannes-escrime.com\/#organization\",\"name\":\"Cercle d&#039;Escrime de Cannes\",\"url\":\"https:\/\/cannes-escrime.com\/\",\"logo\":{\"@type\":\"ImageObject\",\"inLanguage\":\"fr-FR\",\"@id\":\"https:\/\/cannes-escrime.com\/#\/schema\/logo\/image\/\",\"url\":\"https:\/\/cannes-escrime.com\/wp-content\/uploads\/2020\/06\/cropped-logo-CEC-fond-transparent-e1591301479448.png\",\"contentUrl\":\"https:\/\/cannes-escrime.com\/wp-content\/uploads\/2020\/06\/cropped-logo-CEC-fond-transparent-e1591301479448.png\",\"width\":150,\"height\":150,\"caption\":\"Cercle d&#039;Escrime de Cannes\"},\"image\":{\"@id\":\"https:\/\/cannes-escrime.com\/#\/schema\/logo\/image\/\"}}]}<\/script>\n<!-- \/ Yoast SEO plugin. -->","yoast_head_json":{"title":"CONTACTS - Cercle d&#039;Escrime de Cannes","robots":{"index":"index","follow":"follow","max-snippet":"max-snippet:-1","max-image-preview":"max-image-preview:large","max-video-preview":"max-video-preview:-1"},"canonical":"https:\/\/cannes-escrime.com\/index.php\/contact\/","og_locale":"fr_FR","og_type":"article","og_title":"CONTACTS - Cercle d&#039;Escrime de Cannes","og_description":"La Pr\u00e9sidenteAur\u00e9lie CAMPONOVOescrimecannes@gmail.com06 73 44 28 06 Le Ma\u00eetre d&rsquo;armesPhilippe DHOTELLEp.dhotelle@gmail.com07 83 60 75 15 REMERCIEMENTS La Mairie de Cannes La F\u00e9d\u00e9ration Fran\u00e7aise d&rsquo;Escrime La Ligue d&rsquo;escrime R\u00e9gion Sud L&rsquo;association d\u00e9partementale 06 d&rsquo;escrime","og_url":"https:\/\/cannes-escrime.com\/index.php\/contact\/","og_site_name":"Cercle d&#039;Escrime de Cannes","article_modified_time":"2025-07-16T22:36:07+00:00","og_image":[{"url":"http:\/\/cannes-escrime.com\/wp-content\/uploads\/2020\/08\/logo-Cannes.png"}],"twitter_card":"summary_large_image","twitter_misc":{"Dur\u00e9e de lecture estim\u00e9e":"1 minute"},"schema":{"@context":"https:\/\/schema.org","@graph":[{"@type":"WebPage","@id":"https:\/\/cannes-escrime.com\/index.php\/contact\/","url":"https:\/\/cannes-escrime.com\/index.php\/contact\/","name":"CONTACTS - Cercle d&#039;Escrime de Cannes","isPartOf":{"@id":"https:\/\/cannes-escrime.com\/#website"},"primaryImageOfPage":{"@id":"https:\/\/cannes-escrime.com\/index.php\/contact\/#primaryimage"},"image":{"@id":"https:\/\/cannes-escrime.com\/index.php\/contact\/#primaryimage"},"thumbnailUrl":"http:\/\/cannes-escrime.com\/wp-content\/uploads\/2020\/08\/logo-Cannes.png","datePublished":"2020-06-04T20:42:46+00:00","dateModified":"2025-07-16T22:36:07+00:00","breadcrumb":{"@id":"https:\/\/cannes-escrime.com\/index.php\/contact\/#breadcrumb"},"inLanguage":"fr-FR","potentialAction":[{"@type":"ReadAction","target":["https:\/\/cannes-escrime.com\/index.php\/contact\/"]}]},{"@type":"ImageObject","inLanguage":"fr-FR","@id":"https:\/\/cannes-escrime.com\/index.php\/contact\/#primaryimage","url":"http:\/\/cannes-escrime.com\/wp-content\/uploads\/2020\/08\/logo-Cannes.png","contentUrl":"http:\/\/cannes-escrime.com\/wp-content\/uploads\/2020\/08\/logo-Cannes.png"},{"@type":"BreadcrumbList","@id":"https:\/\/cannes-escrime.com\/index.php\/contact\/#breadcrumb","itemListElement":[{"@type":"ListItem","position":1,"name":"Accueil","item":"https:\/\/cannes-escrime.com\/"},{"@type":"ListItem","position":2,"name":"CONTACTS"}]},{"@type":"WebSite","@id":"https:\/\/cannes-escrime.com\/#website","url":"https:\/\/cannes-escrime.com\/","name":"Cercle d&#039;Escrime de Cannes","description":"Fleuret - Ep\u00e9e","publisher":{"@id":"https:\/\/cannes-escrime.com\/#organization"},"potentialAction":[{"@type":"SearchAction","target":{"@type":"EntryPoint","urlTemplate":"https:\/\/cannes-escrime.com\/?s={search_term_string}"},"query-input":{"@type":"PropertyValueSpecification","valueRequired":true,"valueName":"search_term_string"}}],"inLanguage":"fr-FR"},{"@type":"Organization","@id":"https:\/\/cannes-escrime.com\/#organization","name":"Cercle d&#039;Escrime de Cannes","url":"https:\/\/cannes-escrime.com\/","logo":{"@type":"ImageObject","inLanguage":"fr-FR","@id":"https:\/\/cannes-escrime.com\/#\/schema\/logo\/image\/","url":"https:\/\/cannes-escrime.com\/wp-content\/uploads\/2020\/06\/cropped-logo-CEC-fond-transparent-e1591301479448.png","contentUrl":"https:\/\/cannes-escrime.com\/wp-content\/uploads\/2020\/06\/cropped-logo-CEC-fond-transparent-e1591301479448.png","width":150,"height":150,"caption":"Cercle d&#039;Escrime de Cannes"},"image":{"@id":"https:\/\/cannes-escrime.com\/#\/schema\/logo\/image\/"}}]}},"_links":{"self":[{"href":"https:\/\/cannes-escrime.com\/index.php\/wp-json\/wp\/v2\/pages\/41"}],"collection":[{"href":"https:\/\/cannes-escrime.com\/index.php\/wp-json\/wp\/v2\/pages"}],"about":[{"href":"https:\/\/cannes-escrime.com\/index.php\/wp-json\/wp\/v2\/types\/page"}],"author":[{"embeddable":true,"href":"https:\/\/cannes-escrime.com\/index.php\/wp-json\/wp\/v2\/users\/4"}],"replies":[{"embeddable":true,"href":"https:\/\/cannes-escrime.com\/index.php\/wp-json\/wp\/v2\/comments?post=41"}],"version-history":[{"count":16,"href":"https:\/\/cannes-escrime.com\/index.php\/wp-json\/wp\/v2\/pages\/41\/revisions"}],"predecessor-version":[{"id":464,"href":"https:\/\/cannes-escrime.com\/index.php\/wp-json\/wp\/v2\/pages\/41\/revisions\/464"}],"wp:attachment":[{"href":"https:\/\/cannes-escrime.com\/index.php\/wp-json\/wp\/v2\/media?parent=41"}],"curies":[{"name":"wp","href":"https:\/\/api.w.org\/{rel}","templated":true}]}}